{"id":280208,"date":"2024-02-25T18:33:52","date_gmt":"2024-02-25T18:33:52","guid":{"rendered":"https:\/\/ideaalnet.org\/damage\/"},"modified":"2024-03-05T11:58:22","modified_gmt":"2024-03-05T11:58:22","slug":"schaden","status":"publish","type":"page","link":"https:\/\/ideaalnet.org\/de\/schaden\/","title":{"rendered":"Schaden"},"content":{"rendered":"<p>[et_pb_section fb_built=&#8220;1&#8243; _builder_version=&#8220;4.24.0&#8243; _module_preset=&#8220;default&#8220; custom_margin=&#8220;10px||||false|false&#8220; global_colors_info=&#8220;{}&#8220;][et_pb_row _builder_version=&#8220;4.24.2&#8243; _module_preset=&#8220;default&#8220; custom_padding=&#8220;||0px||false|false&#8220; global_colors_info=&#8220;{}&#8220;][et_pb_column type=&#8220;4_4&#8243; admin_label=&#8220;Column&#8220; _builder_version=&#8220;4.24.0&#8243; _module_preset=&#8220;default&#8220; global_colors_info=&#8220;{}&#8220;][dipl_breadcrumb breadcrumb_layout=&#8220;layout2&#8243; separator_type=&#8220;icon_separator&#8220; separator_icon=&#8220;&#x35;||divi||400&#8243; separator_size=&#8220;12px&#8220; separator_color=&#8220;#35B1FF&#8220; use_home_link_custom_text=&#8220;on&#8220; use_home_link_icon=&#8220;on&#8220; home_link_icon=&#8220;&#xe009;||divi||400&#8243; home_link_icon_color=&#8220;#35B1FF&#8220; _builder_version=&#8220;4.24.0&#8243; _module_preset=&#8220;default&#8220; global_text_settings_text_align=&#8220;left&#8220; text_font=&#8220;Ubuntu|300|||||||&#8220; text_text_color=&#8220;#35B1FF&#8220; custom_margin=&#8220;-38px||-15px||false|false&#8220; custom_padding=&#8220;0px||0px||false|false&#8220; global_colors_info=&#8220;{}&#8220;][\/dipl_breadcrumb][\/et_pb_column][\/et_pb_row][\/et_pb_section][et_pb_section fb_built=&#8220;1&#8243; _builder_version=&#8220;4.24.2&#8243; _module_preset=&#8220;default&#8220; global_colors_info=&#8220;{}&#8220;][et_pb_row _builder_version=&#8220;4.24.2&#8243; _module_preset=&#8220;default&#8220; custom_padding=&#8220;0px||0px||false|false&#8220; global_colors_info=&#8220;{}&#8220;][et_pb_column type=&#8220;4_4&#8243; _builder_version=&#8220;4.24.2&#8243; _module_preset=&#8220;default&#8220; global_colors_info=&#8220;{}&#8220;][et_pb_heading title=&#8220;Wie kann ich einen Schaden online melden?&#8220; _builder_version=&#8220;4.24.2&#8243; _module_preset=&#8220;default&#8220; global_colors_info=&#8220;{}&#8220;][\/et_pb_heading][\/et_pb_column][\/et_pb_row][et_pb_row _builder_version=&#8220;4.24.2&#8243; _module_preset=&#8220;default&#8220; custom_padding=&#8220;0px||||false|false&#8220; global_colors_info=&#8220;{}&#8220;][et_pb_column type=&#8220;4_4&#8243; _builder_version=&#8220;4.24.2&#8243; _module_preset=&#8220;default&#8220; global_colors_info=&#8220;{}&#8220;][et_pb_text _builder_version=&#8220;4.24.2&#8243; _module_preset=&#8220;default&#8220; text_font=&#8220;|300|||||||&#8220; custom_padding=&#8220;0px||||false|false&#8220; global_colors_info=&#8220;{}&#8220;]Mein Portal\/Familienportal bietet Eltern oder Sch\u00fclern jederzeit einen \u00dcberblick \u00fcber Bestellungen, Rechnungen, \u00c4nderungen Ihrer Daten, Zahlungsstatus der Raten, Garantiezeit, Reparaturanfragen usw. Auch das Ausf\u00fcllen und Abschicken eines Schadensformulars bei Besch\u00e4digung oder Diebstahl ist hier in k\u00fcrzester Zeit m\u00f6glich. Alle Ihre Daten sind sofort verf\u00fcgbar![\/et_pb_text][\/et_pb_column][\/et_pb_row][et_pb_row admin_label=&#8220;Wie kann ich&#8220; _builder_version=&#8220;4.24.2&#8243; _module_preset=&#8220;default&#8220; global_colors_info=&#8220;{}&#8220;][et_pb_column type=&#8220;4_4&#8243; _builder_version=&#8220;4.24.0&#8243; _module_preset=&#8220;default&#8220; global_colors_info=&#8220;{}&#8220;][dipl_timeline global_timeline_icon_color=&#8220;#35B1FF&#8220; global_icon_fill_color=&#8220;#35B1FF&#8220; timeline_bar_color=&#8220;rgba(179,179,179,0.52)&#8220; timeline_bar_fill_color=&#8220;#2afc4d&#8220; global_timeline_background_color=&#8220;#ddf2ff&#8220; _builder_version=&#8220;4.24.2&#8243; _module_preset=&#8220;default&#8220; global_timeline_header_font=&#8220;|300|||||||&#8220; global_timeline_text_font=&#8220;|300|||||||&#8220; hover_enabled=&#8220;0&#8243; border_radii=&#8220;on|25px|25px|25px|25px&#8220; global_colors_info=&#8220;{}&#8220; sticky_enabled=&#8220;0&#8243;][dipl_timeline_item timeline_title=&#8220;1.  Mein Portal&#8220; _builder_version=&#8220;4.24.2&#8243; _module_preset=&#8220;default&#8220; hover_enabled=&#8220;0&#8243; global_colors_info=&#8220;{}&#8220; sticky_enabled=&#8220;0&#8243;]<\/p>\n<p>Um Sch\u00e4den oder Verlust\/Diebstahl zu melden, loggen Sie sich unter &#8222;Mein Portal&#8220; ein.<\/p>\n<p>[\/dipl_timeline_item][dipl_timeline_item timeline_title=&#8220;2. Formular ausf\u00fcllen&#8220; _builder_version=&#8220;4.24.2&#8243; _module_preset=&#8220;default&#8220; hover_enabled=&#8220;0&#8243; global_colors_info=&#8220;{}&#8220; sticky_enabled=&#8220;0&#8243;]<\/p>\n<p>Um einen Schaden oder Verlust\/Diebstahl zu melden, f\u00fcllen Sie bitte das Online-Formular unter &#8222;Mein Portal\/Familienportal&#8220; aus, so dass alle erforderlichen Daten einschlie\u00dflich der korrekten Seriennummer des Schulger\u00e4ts automatisch enthalten sind.<\/p>\n<p>Beschreiben Sie den Fehler oder das Problem so genau wie m\u00f6glich und klicken Sie dann auf &#8220;Senden&#8220;.<\/p>\n<p>[\/dipl_timeline_item][dipl_timeline_item timeline_title=&#8220;3. Fertig!&#8220; _builder_version=&#8220;4.24.2&#8243; _module_preset=&#8220;default&#8220; hover_enabled=&#8220;0&#8243; global_colors_info=&#8220;{}&#8220; sticky_enabled=&#8220;0&#8243;]<\/p>\n<p>Sie erhalten dann automatisch eine Best\u00e4tigungs-E-Mail. Nach R\u00fccksprache mit dem Lieferanten und\/oder Versicherer erhalten Sie so schnell wie m\u00f6glich eine Antwort auf Ihre Meldung.<\/p>\n<p>[\/dipl_timeline_item][\/dipl_timeline][\/et_pb_column][\/et_pb_row][et_pb_row _builder_version=&#8220;4.24.2&#8243; _module_preset=&#8220;default&#8220; global_colors_info=&#8220;{}&#8220;][et_pb_column type=&#8220;4_4&#8243; _builder_version=&#8220;4.24.2&#8243; _module_preset=&#8220;default&#8220; global_colors_info=&#8220;{}&#8220;][et_pb_text _builder_version=&#8220;4.24.2&#8243; _module_preset=&#8220;default&#8220; text_font=&#8220;|300|||||||&#8220; global_colors_info=&#8220;{}&#8220;]Es kann eine Service- oder Pr\u00fcfgeb\u00fchr anfallen, wenn f\u00fcr das betreffende Ger\u00e4t eine Garantieverl\u00e4ngerung oder eine Versicherung abgeschlossen wurde, kann f\u00fcr die Reparatur eine Selbstbeteiligung gelten; diese finden Sie in den Bedingungen der Garantieverl\u00e4ngerung\/Versicherung f\u00fcr Ihr Ger\u00e4t unter &#8222;Mein Portal&#8220;.[\/et_pb_text][\/et_pb_column][\/et_pb_row][\/et_pb_section]<\/p>\n","protected":false},"excerpt":{"rendered":"<p><div class=\"et_pb_module dipl_breadcrumb dipl_breadcrumb_0\">\n\t\t\t\t\n\t\t\t\t\n\t\t\t\t\n\t\t\t\t\n\t\t\t\t\n\t\t\t\t\n\t\t\t\t<div class=\"et_pb_module_inner\">\n\t\t\t\t\t<div class=\"dipl-breadcrumb-wrapper layout2\">\n\t\t\t\t\t\t\t\t<ol class=\"dipl-breadcrumb-inner\" vocab=\"https:\/\/schema.org\/\" typeof=\"BreadcrumbList\">\n\t\t\t\t\t\t\t\t\t<li property=\"itemListElement\" typeof=\"ListItem\" data-icon=\"&#x35;\">\n\t\t\t\t\t\t\t\t\t\t\t\t    <a class=\"breadcrumb-item dipl-home-page\" href=\"https:\/\/ideaalnet.org\/de\/\" property=\"item\" typeof=\"WebPage\" >\n\t\t\t\t\t\t\t\t\t\t\t\t      \t<span class=\"breadcrumb-page\" property=\"name\">\n\t\t\t\t\t\t\t\t\t\t\t\t      \t\t<span class=\"breadcrumb-home-icon et-pb-icon\">&#xe009;<\/span>\n\t\t\t\t\t\t\t\t\t\t\t\t      \t\tHome\n\t\t\t\t\t\t\t\t\t\t\t\t      \t<\/span>\n\t\t\t\t\t\t\t\t\t\t\t\t    <\/a>\n\t\t\t\t\t\t\t\t\t\t\t\t    <meta property=\"position\" content=\"1\" \/>\n\t\t\t\t\t\t\t\t\t\t\t\t<\/li>\n\t\t\t\t\t\t\t\t<\/ol>\n\t\t\t\t\t\t\t<\/div>\n\t\t\t\t<\/div>\n\t\t\t<\/div>Mein Portal\/Familienportal bietet Eltern oder Sch\u00fclern jederzeit einen \u00dcberblick \u00fcber Bestellungen, Rechnungen, \u00c4nderungen Ihrer Daten, Zahlungsstatus der Raten, Garantiezeit, Reparaturanfragen usw. Auch das Ausf\u00fcllen und Abschicken eines Schadensformulars bei Besch\u00e4digung oder Diebstahl ist hier in k\u00fcrzester Zeit m\u00f6glich. [&hellip;]<\/p>\n","protected":false},"author":4,"featured_media":0,"parent":0,"menu_order":0,"comment_status":"closed","ping_status":"closed","template":"","meta":{"_et_pb_use_builder":"on","_et_pb_old_content":"","_et_gb_content_width":"","footnotes":""},"difl_page_category":[],"class_list":["post-280208","page","type-page","status-publish","hentry"],"jetpack_sharing_enabled":true,"_links":{"self":[{"href":"https:\/\/ideaalnet.org\/de\/wp-json\/wp\/v2\/pages\/280208","targetHints":{"allow":["GET"]}}],"collection":[{"href":"https:\/\/ideaalnet.org\/de\/wp-json\/wp\/v2\/pages"}],"about":[{"href":"https:\/\/ideaalnet.org\/de\/wp-json\/wp\/v2\/types\/page"}],"author":[{"embeddable":true,"href":"https:\/\/ideaalnet.org\/de\/wp-json\/wp\/v2\/users\/4"}],"replies":[{"embeddable":true,"href":"https:\/\/ideaalnet.org\/de\/wp-json\/wp\/v2\/comments?post=280208"}],"version-history":[{"count":7,"href":"https:\/\/ideaalnet.org\/de\/wp-json\/wp\/v2\/pages\/280208\/revisions"}],"predecessor-version":[{"id":280345,"href":"https:\/\/ideaalnet.org\/de\/wp-json\/wp\/v2\/pages\/280208\/revisions\/280345"}],"wp:attachment":[{"href":"https:\/\/ideaalnet.org\/de\/wp-json\/wp\/v2\/media?parent=280208"}],"wp:term":[{"taxonomy":"difl_page_category","embeddable":true,"href":"https:\/\/ideaalnet.org\/de\/wp-json\/wp\/v2\/difl_page_category?post=280208"}],"curies":[{"name":"wp","href":"https:\/\/api.w.org\/{rel}","templated":true}]}}