{"id":280199,"date":"2024-02-25T18:24:33","date_gmt":"2024-02-25T18:24:33","guid":{"rendered":"https:\/\/ideaalnet.org\/order\/"},"modified":"2024-06-07T15:17:21","modified_gmt":"2024-06-07T15:17:21","slug":"bestellung","status":"publish","type":"page","link":"https:\/\/ideaalnet.org\/de\/bestellung\/","title":{"rendered":"Bestellung"},"content":{"rendered":"<p>[et_pb_section fb_built=&#8220;1&#8243; _builder_version=&#8220;4.24.0&#8243; _module_preset=&#8220;default&#8220; custom_margin=&#8220;10px||||false|false&#8220; global_colors_info=&#8220;{}&#8220;][et_pb_row _builder_version=&#8220;4.24.2&#8243; _module_preset=&#8220;default&#8220; custom_padding=&#8220;||0px||false|false&#8220; global_colors_info=&#8220;{}&#8220;][et_pb_column type=&#8220;4_4&#8243; admin_label=&#8220;Column&#8220; _builder_version=&#8220;4.24.0&#8243; _module_preset=&#8220;default&#8220; global_colors_info=&#8220;{}&#8220;][dipl_breadcrumb breadcrumb_layout=&#8220;layout2&#8243; separator_type=&#8220;icon_separator&#8220; separator_icon=&#8220;&#x35;||divi||400&#8243; separator_size=&#8220;12px&#8220; separator_color=&#8220;#35B1FF&#8220; use_home_link_custom_text=&#8220;on&#8220; use_home_link_icon=&#8220;on&#8220; home_link_icon=&#8220;&#xe009;||divi||400&#8243; home_link_icon_color=&#8220;#35B1FF&#8220; _builder_version=&#8220;4.24.0&#8243; _module_preset=&#8220;default&#8220; global_text_settings_text_align=&#8220;left&#8220; text_font=&#8220;Ubuntu|300|||||||&#8220; text_text_color=&#8220;#35B1FF&#8220; custom_margin=&#8220;-38px||-15px||false|false&#8220; custom_padding=&#8220;0px||0px||false|false&#8220; global_colors_info=&#8220;{}&#8220;][\/dipl_breadcrumb][\/et_pb_column][\/et_pb_row][\/et_pb_section][et_pb_section fb_built=&#8220;1&#8243; _builder_version=&#8220;4.24.2&#8243; _module_preset=&#8220;default&#8220; global_colors_info=&#8220;{}&#8220;][et_pb_row _builder_version=&#8220;4.24.2&#8243; _module_preset=&#8220;default&#8220; custom_padding=&#8220;0px||0px||false|false&#8220; global_colors_info=&#8220;{}&#8220;][et_pb_column type=&#8220;4_4&#8243; _builder_version=&#8220;4.24.2&#8243; _module_preset=&#8220;default&#8220; global_colors_info=&#8220;{}&#8220;][et_pb_heading title=&#8220;Wie kann ich im Schulwebshop bestellen?&#8220; _builder_version=&#8220;4.24.2&#8243; _module_preset=&#8220;default&#8220; global_colors_info=&#8220;{}&#8220;][\/et_pb_heading][\/et_pb_column][\/et_pb_row][et_pb_row _builder_version=&#8220;4.24.2&#8243; _module_preset=&#8220;default&#8220; custom_padding=&#8220;0px||||false|false&#8220; global_colors_info=&#8220;{}&#8220;][et_pb_column type=&#8220;4_4&#8243; _builder_version=&#8220;4.24.2&#8243; _module_preset=&#8220;default&#8220; global_colors_info=&#8220;{}&#8220;][et_pb_text _builder_version=&#8220;4.24.2&#8243; _module_preset=&#8220;default&#8220; text_font=&#8220;|300|||||||&#8220; custom_padding=&#8220;0px||||false|false&#8220; global_colors_info=&#8220;{}&#8220;]Unser Elternportal ist ein Familienportal und begleitet Sie somit durch die gesamte Schulzeit Ihres Kindes. Als Eltern haben Sie jederzeit den \u00dcberblick \u00fcber Ihre Bestellungen, Rechnungen, Ratenk\u00e4ufe &amp; Zahlungen und Leihger\u00e4te &amp; Reparaturen.[\/et_pb_text][\/et_pb_column][\/et_pb_row][et_pb_row _builder_version=&#8220;4.24.0&#8243; _module_preset=&#8220;default&#8220; global_colors_info=&#8220;{}&#8220;][et_pb_column type=&#8220;4_4&#8243; _builder_version=&#8220;4.24.0&#8243; _module_preset=&#8220;default&#8220; global_colors_info=&#8220;{}&#8220;][dipl_timeline global_timeline_icon_color=&#8220;#35B1FF&#8220; global_icon_fill_color=&#8220;#35B1FF&#8220; timeline_bar_color=&#8220;rgba(179,179,179,0.52)&#8220; timeline_bar_fill_color=&#8220;#2afc4d&#8220; global_timeline_background_color=&#8220;#ddf2ff&#8220; _builder_version=&#8220;4.24.2&#8243; _module_preset=&#8220;default&#8220; global_timeline_header_font=&#8220;|300|||||||&#8220; global_timeline_text_font=&#8220;|300|||||||&#8220; border_radii=&#8220;on|25px|25px|25px|25px&#8220; global_colors_info=&#8220;{}&#8220;][dipl_timeline_item timeline_title=&#8220;1. Einladung der Schule&#8220; _builder_version=&#8220;4.24.2&#8243; _module_preset=&#8220;default&#8220; global_colors_info=&#8220;{}&#8220;]<\/p>\n<p>Sie werden von Ihrer Schule eine Einladung mit unserem Registrierungscode erhalten.<\/p>\n<p>[\/dipl_timeline_item][dipl_timeline_item timeline_title=&#8220;2. Registrieren&#8220; _builder_version=&#8220;4.24.2&#8243; _module_preset=&#8220;default&#8220; global_colors_info=&#8220;{}&#8220;]<\/p>\n<p>Klicken Sie auf &#8222;Registrieren&#8220; und halten Sie den Registrierungscode bereit, den Sie von Ihrer Schule erhalten haben, um Zugang zum Schul-Webshop zu erhalten.<\/p>\n<p>Geben Sie bei der Registrierung Ihre Handynummer ein, um einen Code f\u00fcr die 2-Faktor-Authentifizierung per SMS zu erhalten.<\/p>\n<p>[\/dipl_timeline_item][dipl_timeline_item timeline_title=&#8220;3. Fertig!  &#8220; _builder_version=&#8220;4.24.2&#8243; _module_preset=&#8220;default&#8220; global_colors_info=&#8220;{}&#8220;]<\/p>\n<p>Nach der Registrierung k\u00f6nnen Sie sich sofort mit Ihren Zugangsdaten unter &#8222;Mein Portal&#8220; einloggen und erhalten eine SMS mit unserem Code. Jetzt sehen Sie auch den Webshop der Schule und k\u00f6nnen bestellen oder Kontakt mit uns aufnehmen.<\/p>\n<p>(Sie m\u00fcssen nicht auf die E-Mail-Best\u00e4tigung Ihrer Anmeldung warten).<\/p>\n<p>[\/dipl_timeline_item][\/dipl_timeline][\/et_pb_column][\/et_pb_row][\/et_pb_section]<\/p>\n","protected":false},"excerpt":{"rendered":"<p><div class=\"et_pb_module dipl_breadcrumb dipl_breadcrumb_0\">\n\t\t\t\t\n\t\t\t\t\n\t\t\t\t\n\t\t\t\t\n\t\t\t\t\n\t\t\t\t\n\t\t\t\t<div class=\"et_pb_module_inner\">\n\t\t\t\t\t<div class=\"dipl-breadcrumb-wrapper layout2\">\n\t\t\t\t\t\t\t\t<ol class=\"dipl-breadcrumb-inner\" vocab=\"https:\/\/schema.org\/\" typeof=\"BreadcrumbList\">\n\t\t\t\t\t\t\t\t\t<li property=\"itemListElement\" typeof=\"ListItem\" data-icon=\"&#x35;\">\n\t\t\t\t\t\t\t\t\t\t\t\t    <a class=\"breadcrumb-item dipl-home-page\" href=\"https:\/\/ideaalnet.org\/de\/\" property=\"item\" typeof=\"WebPage\" >\n\t\t\t\t\t\t\t\t\t\t\t\t      \t<span class=\"breadcrumb-page\" property=\"name\">\n\t\t\t\t\t\t\t\t\t\t\t\t      \t\t<span class=\"breadcrumb-home-icon et-pb-icon\">&#xe009;<\/span>\n\t\t\t\t\t\t\t\t\t\t\t\t      \t\tHome\n\t\t\t\t\t\t\t\t\t\t\t\t      \t<\/span>\n\t\t\t\t\t\t\t\t\t\t\t\t    <\/a>\n\t\t\t\t\t\t\t\t\t\t\t\t    <meta property=\"position\" content=\"1\" \/>\n\t\t\t\t\t\t\t\t\t\t\t\t<\/li>\n\t\t\t\t\t\t\t\t<\/ol>\n\t\t\t\t\t\t\t<\/div>\n\t\t\t\t<\/div>\n\t\t\t<\/div>Unser Elternportal ist ein Familienportal und begleitet Sie somit durch die gesamte Schulzeit Ihres Kindes. Als Eltern haben Sie jederzeit den \u00dcberblick \u00fcber Ihre Bestellungen, Rechnungen, Ratenk\u00e4ufe &amp; Zahlungen und Leihger\u00e4te &amp; Reparaturen.<div class=\"et_pb_module dipl_timeline dipl_timeline_0\">\n\t\t\t\t\n\t\t\t\t\n\t\t\t\t\n\t\t\t\t\n\t\t\t\t\n\t\t\t\t\n\t\t\t\t<div class=\"et_pb_module_inner\">\n\t\t\t\t\t<div class=\"dipl_timeline_alternate\"><div class=\"dipl_timeline_wrapper\">\n                            \n                        <\/div><div class=\"dipl_timeline_alternate_stem dipl_icon_tree_stem\"><div class=\"dipl_stem_wrapper\"><div class=\"dipl_stem\"><\/div><\/div><\/div><\/div>\n\t\t\t\t<\/div>\n\t\t\t<\/div><\/p>\n","protected":false},"author":4,"featured_media":0,"parent":0,"menu_order":0,"comment_status":"closed","ping_status":"closed","template":"","meta":{"_et_pb_use_builder":"on","_et_pb_old_content":"","_et_gb_content_width":"","footnotes":""},"difl_page_category":[],"class_list":["post-280199","page","type-page","status-publish","hentry"],"jetpack_sharing_enabled":true,"_links":{"self":[{"href":"https:\/\/ideaalnet.org\/de\/wp-json\/wp\/v2\/pages\/280199","targetHints":{"allow":["GET"]}}],"collection":[{"href":"https:\/\/ideaalnet.org\/de\/wp-json\/wp\/v2\/pages"}],"about":[{"href":"https:\/\/ideaalnet.org\/de\/wp-json\/wp\/v2\/types\/page"}],"author":[{"embeddable":true,"href":"https:\/\/ideaalnet.org\/de\/wp-json\/wp\/v2\/users\/4"}],"replies":[{"embeddable":true,"href":"https:\/\/ideaalnet.org\/de\/wp-json\/wp\/v2\/comments?post=280199"}],"version-history":[{"count":7,"href":"https:\/\/ideaalnet.org\/de\/wp-json\/wp\/v2\/pages\/280199\/revisions"}],"predecessor-version":[{"id":280343,"href":"https:\/\/ideaalnet.org\/de\/wp-json\/wp\/v2\/pages\/280199\/revisions\/280343"}],"wp:attachment":[{"href":"https:\/\/ideaalnet.org\/de\/wp-json\/wp\/v2\/media?parent=280199"}],"wp:term":[{"taxonomy":"difl_page_category","embeddable":true,"href":"https:\/\/ideaalnet.org\/de\/wp-json\/wp\/v2\/difl_page_category?post=280199"}],"curies":[{"name":"wp","href":"https:\/\/api.w.org\/{rel}","templated":true}]}}